{"id":2713,"date":"2016-01-01T22:57:00","date_gmt":"2016-01-01T20:57:00","guid":{"rendered":"http:\/\/mrnelson-ecowear.com\/wordpress-sp\/?page_id=2713"},"modified":"2025-05-25T07:36:11","modified_gmt":"2025-05-25T05:36:11","slug":"impfungen","status":"publish","type":"page","link":"http:\/\/praxis-crivellaro.de\/wordpress\/leistungen\/impfungen\/","title":{"rendered":"Impfungen"},"content":{"rendered":"\n<p class=\"has-medium-font-size\">Impfungen geh\u00f6ren zu den wichtigsten und wirksamsten pr\u00e4ventiven Ma\u00df\u00adnah\u00admen, die in der Medizin zur Verf\u00fcgung stehen. Moderne Impfstoffe sind gut ver\u00adtr\u00e4g\u00adlich und uner\u00adw\u00fcn\u00adschte Arznei\u00admit\u00adtel\u00adneben\u00adwir\u00adkungen werden nur in seltenen F\u00e4llen beobachtet. Unmit\u00adtel\u00adbares Ziel der Impfung ist es, den Geimpften vor einer ansteckenden Krankheit zu sch\u00fctzen. Bei Erreichen hoher Impfquoten ist es m\u00f6glich, einzelne Krankheitserreger regional zu eliminieren und schlie\u00dflich weltweit auszurotten. Die Elimination der Masern und der Poliomyelitis sind erkl\u00e4rte und erreichbare Ziele nationaler und inter\u00adna\u00adtio\u00adnaler Gesundheitspolitik. F\u00fcr Poliomyelitis ist dieses Ziel u.a. in Europa bereits erreicht worden.<\/p>\n\n\n\n<p>&nbsp;<\/p>\n\n\n\n<p class=\"has-medium-font-size\">Wichtig ist ein guter Impfstatus nat\u00fcrlich besonders f\u00fcr Frauen mit bestehendem Kinderwunsch. Gerne k\u00f6nnen Sie beim n\u00e4chsten Termin Ihren Impfpass zur Kontrolle und ggf. Beratung zu Auffrisch-Impfungen mitbringen.<\/p>\n\n\n\n<p>&nbsp;<\/p>\n\n\n\n<p class=\"has-medium-font-size\"><strong>Wir impfen nach Empfehlungen der STIKO gegen:<\/strong><\/p>\n\n\n\n<p class=\"has-medium-font-size\">Mumps&nbsp;&nbsp; Masern &nbsp;&nbsp;&nbsp;R\u00f6teln&nbsp;&nbsp; Varizellen (Windpocken)<\/p>\n\n\n\n<p class=\"has-medium-font-size\">Tetanus&nbsp;&nbsp; Diphterie &nbsp;&nbsp;&nbsp;Polio (Kinderl\u00e4hmung) &nbsp;&nbsp;&nbsp;Pertussis (Keuchhusten)<\/p>\n\n\n\n<p class=\"has-medium-font-size\">Influenza (Grippeschutz)<\/p>\n\n\n\n<p class=\"has-medium-font-size\">Pneumokokken (ab 60. LJ und bei chronischen Erkrankungen)<\/p>\n\n\n\n<p class=\"has-medium-font-size\">HPV (Humane Papillom Viren, die Ver\u00e4nderungen am Geb\u00e4rmutterhals bzw. Krebs verursachen k\u00f6nnen)<\/p>\n\n\n\n<p>&nbsp;<\/p>\n\n\n\n<p class=\"has-medium-font-size\"><strong>Impfungen als IGeL:<\/strong><\/p>\n\n\n\n<p class=\"has-medium-font-size\">Impfung bei rezidivierenden Scheideninfektionen (Gynatren)<\/p>\n\n\n\n<p class=\"has-medium-font-size\">Impfung bei rezidivierenden Harnwegsinfektionen (Strovac)<\/p>\n\n\n\n<p class=\"has-medium-font-size\">Impfung gegen Herpes Zoster ab 50. LJ<\/p>\n\n\n\n<p class=\"has-medium-font-size\">Gegen Hepatitis A und B (Kassenleistung nur bei beruflichem Risiko)<\/p>\n\n\n\n<p>&nbsp;<\/p>\n","protected":false},"excerpt":{"rendered":"<p>Impfungen geh\u00f6ren zu den wichtigsten und wirksamsten pr\u00e4ventiven Ma\u00df\u00adnah\u00admen, die in der Medizin zur Verf\u00fcgung stehen. Moderne Impfstoffe sind gut ver\u00adtr\u00e4g\u00adlich und uner\u00adw\u00fcn\u00adschte Arznei\u00admit\u00adtel\u00adneben\u00adwir\u00adkungen werden nur in seltenen F\u00e4llen beobachtet. Unmit\u00adtel\u00adbares Ziel der Impfung ist es, den Geimpften vor einer ansteckenden Krankheit zu sch\u00fctzen. Bei Erreichen hoher Impfquoten ist es m\u00f6glich, einzelne Krankheitserreger regional zu&hellip;<\/p>\n","protected":false},"author":1,"featured_media":0,"parent":2605,"menu_order":0,"comment_status":"closed","ping_status":"closed","template":"","meta":{"footnotes":""},"class_list":["post-2713","page","type-page","status-publish","hentry"],"_links":{"self":[{"href":"http:\/\/praxis-crivellaro.de\/wordpress\/wp-json\/wp\/v2\/pages\/2713","targetHints":{"allow":["GET"]}}],"collection":[{"href":"http:\/\/praxis-crivellaro.de\/wordpress\/wp-json\/wp\/v2\/pages"}],"about":[{"href":"http:\/\/praxis-crivellaro.de\/wordpress\/wp-json\/wp\/v2\/types\/page"}],"author":[{"embeddable":true,"href":"http:\/\/praxis-crivellaro.de\/wordpress\/wp-json\/wp\/v2\/users\/1"}],"replies":[{"embeddable":true,"href":"http:\/\/praxis-crivellaro.de\/wordpress\/wp-json\/wp\/v2\/comments?post=2713"}],"version-history":[{"count":4,"href":"http:\/\/praxis-crivellaro.de\/wordpress\/wp-json\/wp\/v2\/pages\/2713\/revisions"}],"predecessor-version":[{"id":3038,"href":"http:\/\/praxis-crivellaro.de\/wordpress\/wp-json\/wp\/v2\/pages\/2713\/revisions\/3038"}],"up":[{"embeddable":true,"href":"http:\/\/praxis-crivellaro.de\/wordpress\/wp-json\/wp\/v2\/pages\/2605"}],"wp:attachment":[{"href":"http:\/\/praxis-crivellaro.de\/wordpress\/wp-json\/wp\/v2\/media?parent=2713"}],"curies":[{"name":"wp","href":"https:\/\/api.w.org\/{rel}","templated":true}]}}