{"id":2707,"date":"2016-01-01T22:46:44","date_gmt":"2016-01-01T20:46:44","guid":{"rendered":"http:\/\/mrnelson-ecowear.com\/wordpress-sp\/?page_id=2707"},"modified":"2025-05-25T07:20:50","modified_gmt":"2025-05-25T05:20:50","slug":"maedchensprechstunde","status":"publish","type":"page","link":"http:\/\/praxis-crivellaro.de\/wordpress\/leistungen\/maedchensprechstunde\/","title":{"rendered":"M\u00e4dchensprechstunde"},"content":{"rendered":"\n<p class=\"has-medium-font-size\">M\u00e4dchen und junge Frauen k\u00f6nnen in der M\u00e4dchensprechstunde in Ruhe und gerne auch in Begleitung einer Person Ihres Vertrauens\u2014Mutter, Oma, Schwester, Freundin\u2026- alle Fragen rund um die Themen Weiblichkeit und Sexualit\u00e4t stellen. Es werden k\u00f6rperliche und seelische Ver\u00e4nderungen in der Pubert\u00e4t erkl\u00e4rt.<\/p>\n\n\n\n<p class=\"has-medium-font-size\">Menstruation (Regelblutung), Verh\u00fctung, Infektionsschutz, K\u00f6rperpflege sowie Fragen und Sorgen bez\u00fcglich&nbsp; Sexualit\u00e4t k\u00f6nnen einf\u00fchlsam besprochen werden.<\/p>\n\n\n\n<p class=\"has-medium-font-size\">Wir f\u00fchren Impfungen gegen HPV (\u201eImpfung gegen Geb\u00e4rmutterhalskrebs \u201e) durch.<\/p>\n\n\n\n<p class=\"has-medium-font-size\">Eine gyn\u00e4kologische Untersuchung &nbsp;ist in der Regel bei den ersten Kontakten und vor Beginn einer aktiven Sexualit\u00e4t nicht notwendig.&nbsp; Der Besuch in der Sprechstunde kann gerne auch nur f\u00fcr eine eingehende Beratung genutzt werden. Steht dann eine gyn\u00e4kologische Untersuchung an, so wird diese ausf\u00fchrlich &nbsp;erkl\u00e4rt und behutsam durchgef\u00fchrt.<\/p>\n\n\n\n<p class=\"has-medium-font-size\"><\/p>\n\n\n\n<p><\/p>\n","protected":false},"excerpt":{"rendered":"<p>M\u00e4dchen und junge Frauen k\u00f6nnen in der M\u00e4dchensprechstunde in Ruhe und gerne auch in Begleitung einer Person Ihres Vertrauens\u2014Mutter, Oma, Schwester, Freundin\u2026- alle Fragen rund um die Themen Weiblichkeit und Sexualit\u00e4t stellen. Es werden k\u00f6rperliche und seelische Ver\u00e4nderungen in der Pubert\u00e4t erkl\u00e4rt. Menstruation (Regelblutung), Verh\u00fctung, Infektionsschutz, K\u00f6rperpflege sowie Fragen und Sorgen bez\u00fcglich&nbsp; Sexualit\u00e4t k\u00f6nnen einf\u00fchlsam&hellip;<\/p>\n","protected":false},"author":1,"featured_media":0,"parent":2605,"menu_order":0,"comment_status":"closed","ping_status":"closed","template":"","meta":{"footnotes":""},"class_list":["post-2707","page","type-page","status-publish","hentry"],"_links":{"self":[{"href":"http:\/\/praxis-crivellaro.de\/wordpress\/wp-json\/wp\/v2\/pages\/2707","targetHints":{"allow":["GET"]}}],"collection":[{"href":"http:\/\/praxis-crivellaro.de\/wordpress\/wp-json\/wp\/v2\/pages"}],"about":[{"href":"http:\/\/praxis-crivellaro.de\/wordpress\/wp-json\/wp\/v2\/types\/page"}],"author":[{"embeddable":true,"href":"http:\/\/praxis-crivellaro.de\/wordpress\/wp-json\/wp\/v2\/users\/1"}],"replies":[{"embeddable":true,"href":"http:\/\/praxis-crivellaro.de\/wordpress\/wp-json\/wp\/v2\/comments?post=2707"}],"version-history":[{"count":1,"href":"http:\/\/praxis-crivellaro.de\/wordpress\/wp-json\/wp\/v2\/pages\/2707\/revisions"}],"predecessor-version":[{"id":3023,"href":"http:\/\/praxis-crivellaro.de\/wordpress\/wp-json\/wp\/v2\/pages\/2707\/revisions\/3023"}],"up":[{"embeddable":true,"href":"http:\/\/praxis-crivellaro.de\/wordpress\/wp-json\/wp\/v2\/pages\/2605"}],"wp:attachment":[{"href":"http:\/\/praxis-crivellaro.de\/wordpress\/wp-json\/wp\/v2\/media?parent=2707"}],"curies":[{"name":"wp","href":"https:\/\/api.w.org\/{rel}","templated":true}]}}