{"id":2694,"date":"2015-12-22T12:21:40","date_gmt":"2015-12-22T10:21:40","guid":{"rendered":"http:\/\/mrnelson-ecowear.com\/wordpress-sp\/?page_id=2694"},"modified":"2025-05-27T13:37:39","modified_gmt":"2025-05-27T11:37:39","slug":"urogynaekologie","status":"publish","type":"page","link":"http:\/\/praxis-crivellaro.de\/wordpress\/leistungen\/urogynaekologie\/","title":{"rendered":"Urogyn\u00e4kologie"},"content":{"rendered":"\n<h3 class=\"wp-block-heading\">Unsere Spezialisierung&nbsp;<\/h3>\n\n\n\n<p class=\"has-medium-font-size\"><strong>Urogyn\u00e4kologische Untersuchung und Beratung<\/strong><\/p>\n\n\n\n<p class=\"has-medium-font-size\">Viele Frauen leiden unter Blasenschw\u00e4che mit Harninkontinenz oder unter Senkungszust\u00e4nden der Blase, der Geb\u00e4rmutter oder des Darmes mit Beschwerden.\u00a0Durch umfangreiche Untersuchungen inklusive Ultraschall der Beckenorgane oder Urodynamische Messungen kann ich Ihnen individuelle Therapieempfehlungen unterbreiten. Diese k\u00f6nnen konservative Behandlungen mittels Beckenbodentraining, Elektrostimulation, Pessartherapie oder medikament\u00f6ser Therapie umfassen.<\/p>\n\n\n\n<p>&nbsp;<\/p>\n\n\n\n<p><\/p>\n","protected":false},"excerpt":{"rendered":"<p>Unsere Spezialisierung&nbsp; Urogyn\u00e4kologische Untersuchung und Beratung Viele Frauen leiden unter Blasenschw\u00e4che mit Harninkontinenz oder unter Senkungszust\u00e4nden der Blase, der Geb\u00e4rmutter oder des Darmes mit Beschwerden.\u00a0Durch umfangreiche Untersuchungen inklusive Ultraschall der Beckenorgane oder Urodynamische Messungen kann ich Ihnen individuelle Therapieempfehlungen unterbreiten. Diese k\u00f6nnen konservative Behandlungen mittels Beckenbodentraining, Elektrostimulation, Pessartherapie oder medikament\u00f6ser Therapie umfassen. &nbsp;<\/p>\n","protected":false},"author":1,"featured_media":0,"parent":2605,"menu_order":0,"comment_status":"closed","ping_status":"closed","template":"","meta":{"footnotes":""},"class_list":["post-2694","page","type-page","status-publish","hentry"],"_links":{"self":[{"href":"http:\/\/praxis-crivellaro.de\/wordpress\/wp-json\/wp\/v2\/pages\/2694","targetHints":{"allow":["GET"]}}],"collection":[{"href":"http:\/\/praxis-crivellaro.de\/wordpress\/wp-json\/wp\/v2\/pages"}],"about":[{"href":"http:\/\/praxis-crivellaro.de\/wordpress\/wp-json\/wp\/v2\/types\/page"}],"author":[{"embeddable":true,"href":"http:\/\/praxis-crivellaro.de\/wordpress\/wp-json\/wp\/v2\/users\/1"}],"replies":[{"embeddable":true,"href":"http:\/\/praxis-crivellaro.de\/wordpress\/wp-json\/wp\/v2\/comments?post=2694"}],"version-history":[{"count":5,"href":"http:\/\/praxis-crivellaro.de\/wordpress\/wp-json\/wp\/v2\/pages\/2694\/revisions"}],"predecessor-version":[{"id":3055,"href":"http:\/\/praxis-crivellaro.de\/wordpress\/wp-json\/wp\/v2\/pages\/2694\/revisions\/3055"}],"up":[{"embeddable":true,"href":"http:\/\/praxis-crivellaro.de\/wordpress\/wp-json\/wp\/v2\/pages\/2605"}],"wp:attachment":[{"href":"http:\/\/praxis-crivellaro.de\/wordpress\/wp-json\/wp\/v2\/media?parent=2694"}],"curies":[{"name":"wp","href":"https:\/\/api.w.org\/{rel}","templated":true}]}}