{"id":2690,"date":"2015-12-22T12:18:40","date_gmt":"2015-12-22T10:18:40","guid":{"rendered":"http:\/\/mrnelson-ecowear.com\/wordpress-sp\/?page_id=2690"},"modified":"2025-05-25T07:34:13","modified_gmt":"2025-05-25T05:34:13","slug":"igel-individuelle-wahlleistungen","status":"publish","type":"page","link":"http:\/\/praxis-crivellaro.de\/wordpress\/leistungen\/igel-individuelle-wahlleistungen\/","title":{"rendered":"IGeL &#8211; individuelle Wahlleistungen"},"content":{"rendered":"\n<p>&nbsp;<\/p>\n\n\n\n<ul class=\"wp-block-list\">\n<li class=\"has-medium-font-size\">Vaginaler Ultraschall<\/li>\n<\/ul>\n\n\n\n<p class=\"has-medium-font-size\">Durch diese Untersuchung k\u00f6nnen bereits fr\u00fchzeitig nicht tastbare Ver\u00e4nderungen der weiblichen Genitalien sichtbar gemacht werden. Desweiteren k\u00f6nnen gutartige Ver\u00e4nderungen, die beispielsweise einem bestehenden Kinderwunsch im Weg stehen k\u00f6nnten, erkannt werden.<\/p>\n\n\n\n<p>&nbsp;<\/p>\n\n\n\n<ul class=\"wp-block-list\">\n<li class=\"has-medium-font-size\">Brust-Ultraschall<\/li>\n<\/ul>\n\n\n\n<p class=\"has-medium-font-size\">Zur Entdeckung von nicht tastbaren Tumoren<\/p>\n\n\n\n<p>&nbsp;<\/p>\n\n\n\n<ul class=\"wp-block-list\">\n<li class=\"has-medium-font-size\">HPV-Test<\/li>\n<\/ul>\n\n\n\n<p class=\"has-medium-font-size\">Humane Papillomaviren Testung als M\u00f6glichkeit, vorhandene Ver\u00e4nderungen in einem besonders fr\u00fchen Stadium zu erkennen<\/p>\n\n\n\n<p>&nbsp;<\/p>\n\n\n\n<ul class=\"wp-block-list\">\n<li class=\"has-medium-font-size\">Chlamydien-Test<\/li>\n<\/ul>\n\n\n\n<p class=\"has-medium-font-size\">Chlamydien sind Bakterien und geh\u00f6ren zu den am h\u00e4ufigsten sexuell \u00fcbertragbaren Infektionen. Im Genitaltrakt k\u00f6nnen sie zu Unfruchtbarkeit und Schmerzen im Unterleib f\u00fchren. Wir die Infektion fr\u00fchzeitig erkannt, kann sie gut antibiotisch behandelt werden.<\/p>\n\n\n\n<p>&nbsp;<\/p>\n\n\n\n<ul class=\"wp-block-list\">\n<li class=\"has-medium-font-size\">D\u00fcnnschicht-Zytologie<\/li>\n<\/ul>\n\n\n\n<p class=\"has-medium-font-size\">Spezielles Abstrichverfahren, bei dem das Zellbild besser beurteilt werden bekannt kann. Es bietet mehr Aussagekraft und Sicherheit. Auch als <em>Thin-Prep-Pap-Test <\/em>oder als <em>Monolayer-Pap-Test <\/em>bekannt.<\/p>\n\n\n\n<p>&nbsp;<\/p>\n\n\n\n<ul class=\"wp-block-list\">\n<li class=\"has-medium-font-size\">HIV-Test<\/li>\n<\/ul>\n\n\n\n<p><\/p>\n","protected":false},"excerpt":{"rendered":"<p>&nbsp; Durch diese Untersuchung k\u00f6nnen bereits fr\u00fchzeitig nicht tastbare Ver\u00e4nderungen der weiblichen Genitalien sichtbar gemacht werden. Desweiteren k\u00f6nnen gutartige Ver\u00e4nderungen, die beispielsweise einem bestehenden Kinderwunsch im Weg stehen k\u00f6nnten, erkannt werden. &nbsp; Zur Entdeckung von nicht tastbaren Tumoren &nbsp; Humane Papillomaviren Testung als M\u00f6glichkeit, vorhandene Ver\u00e4nderungen in einem besonders fr\u00fchen Stadium zu erkennen &nbsp; Chlamydien&hellip;<\/p>\n","protected":false},"author":1,"featured_media":0,"parent":2605,"menu_order":0,"comment_status":"closed","ping_status":"closed","template":"","meta":{"footnotes":""},"class_list":["post-2690","page","type-page","status-publish","hentry"],"_links":{"self":[{"href":"http:\/\/praxis-crivellaro.de\/wordpress\/wp-json\/wp\/v2\/pages\/2690","targetHints":{"allow":["GET"]}}],"collection":[{"href":"http:\/\/praxis-crivellaro.de\/wordpress\/wp-json\/wp\/v2\/pages"}],"about":[{"href":"http:\/\/praxis-crivellaro.de\/wordpress\/wp-json\/wp\/v2\/types\/page"}],"author":[{"embeddable":true,"href":"http:\/\/praxis-crivellaro.de\/wordpress\/wp-json\/wp\/v2\/users\/1"}],"replies":[{"embeddable":true,"href":"http:\/\/praxis-crivellaro.de\/wordpress\/wp-json\/wp\/v2\/comments?post=2690"}],"version-history":[{"count":2,"href":"http:\/\/praxis-crivellaro.de\/wordpress\/wp-json\/wp\/v2\/pages\/2690\/revisions"}],"predecessor-version":[{"id":3036,"href":"http:\/\/praxis-crivellaro.de\/wordpress\/wp-json\/wp\/v2\/pages\/2690\/revisions\/3036"}],"up":[{"embeddable":true,"href":"http:\/\/praxis-crivellaro.de\/wordpress\/wp-json\/wp\/v2\/pages\/2605"}],"wp:attachment":[{"href":"http:\/\/praxis-crivellaro.de\/wordpress\/wp-json\/wp\/v2\/media?parent=2690"}],"curies":[{"name":"wp","href":"https:\/\/api.w.org\/{rel}","templated":true}]}}