{"id":2686,"date":"2015-12-22T12:16:22","date_gmt":"2015-12-22T10:16:22","guid":{"rendered":"http:\/\/mrnelson-ecowear.com\/wordpress-sp\/?page_id=2686"},"modified":"2025-05-25T07:30:34","modified_gmt":"2025-05-25T05:30:34","slug":"krebsvorsorge","status":"publish","type":"page","link":"http:\/\/praxis-crivellaro.de\/wordpress\/leistungen\/krebsvorsorge\/","title":{"rendered":"Krebsvorsorge"},"content":{"rendered":"\n<p class=\"has-black-color has-text-color has-link-color has-medium-font-size wp-elements-7578dfccc1f141622cac1ca1e1f2dcbc\">Krebsfr\u00fcherkennung ist in jedem Alter lebenswichtig !<\/p>\n\n\n\n<p class=\"has-black-color has-text-color has-link-color has-medium-font-size wp-elements-e408b10ab8bf48bc741c111be5187a3a\">Als gesetzlich Versicherte haben Sie aufgrund der \u201eKrebsfr\u00fcherkennungsrichtlinien\u201c der Krankenkassen Anspruch auf die nachfolgend aufgef\u00fchrten und von Ihrer Krankenkasse zu erstattenden Vorsorgeleistungen:<\/p>\n\n\n\n<ul class=\"wp-block-list has-medium-font-size\">\n<li class=\"has-black-color has-text-color has-link-color has-medium-font-size wp-elements-20f4e9115bb826c5e25f672cbddf24cf\" style=\"font-style:normal;font-weight:300\">Zwischen \u00a0dem vollendeten 20. Lebensjahr und vollendetem 35. Lebensjahr : <strong>j\u00e4hrlicher Zellabstrich<\/strong> vom Muttermund und Geb\u00e4rmutterhals, Tastuntersuchung des inneren Genitales<\/li>\n\n\n\n<li class=\"has-black-color has-text-color has-link-color has-medium-font-size wp-elements-1f00beeeb85f0b8bf22b754a745458c4\" style=\"font-style:normal;font-weight:300\">Bis zum abgeschlossenen 25. Lebensjahr einmal j\u00e4hrlich Fr\u00fcherkennungstest auf Chlamydieninfektion<\/li>\n\n\n\n<li class=\"has-black-color has-text-color has-link-color has-medium-font-size wp-elements-804ee56a0e98eac6424c7ba0d3c6c1d7\" style=\"font-style:normal;font-weight:300\">Ab dem vollendeten 30. Lebensjahr: zus\u00e4tzliche Tastuntersuchung der Brust und der \u00f6rtlichen Lymphknoten (Achselh\u00f6hle), Inspektion der Haut<\/li>\n\n\n\n<li class=\"has-black-color has-text-color has-link-color has-medium-font-size wp-elements-a7c8a4ac04614d0cc1b109d43d55e11c\" style=\"font-style:normal;font-weight:300\">Ab dem vollendeten 35. Lebenjahr: <strong>alle 3 Jahre Zellabstrich + HPV-Abstrich<\/strong> (Co-Testing) vom Muttermund und Geb\u00e4rmutterhals (sofern der Geb\u00e4rmutterhals\/ die Geb\u00e4rmutter vorhanden ist)<\/li>\n\n\n\n<li class=\"has-black-color has-text-color has-link-color has-medium-font-size wp-elements-b3346af91687c64a038694f519e66e7a\" style=\"font-style:normal;font-weight:300\">Ab dem Alter von 50. Jahren: zus\u00e4tzlich digitale Untersuchung des Rektums sowie Durchf\u00fchrung des immunologischen Stuhltestes auf okkultes Blut im Stuhl einmal j\u00e4hrlich,<\/li>\n\n\n\n<li class=\"has-black-color has-text-color has-link-color has-medium-font-size wp-elements-4326622e4f2c378d250f321969208f7f\" style=\"font-style:normal;font-weight:300\">Fr\u00fcherkennung Brustkrebs mittels Mammographiescreening alle 2 Jahre<\/li>\n\n\n\n<li class=\"has-black-color has-text-color has-link-color has-medium-font-size wp-elements-170840520e197649a8f6e588c97fa27e\" style=\"font-style:normal;font-weight:300\">Ab dem vollendeten 55. Lebensjahr: zus\u00e4tzlich eine Darmspiegelung alle 10 Jahre oder alle zwei Jahre ein immunologischer Stuhltest \u00a0auf okkultes Blut im Stuhl<\/li>\n<\/ul>\n\n\n\n<p><\/p>\n","protected":false},"excerpt":{"rendered":"<p>Krebsfr\u00fcherkennung ist in jedem Alter lebenswichtig ! Als gesetzlich Versicherte haben Sie aufgrund der \u201eKrebsfr\u00fcherkennungsrichtlinien\u201c der Krankenkassen Anspruch auf die nachfolgend aufgef\u00fchrten und von Ihrer Krankenkasse zu erstattenden Vorsorgeleistungen:<\/p>\n","protected":false},"author":1,"featured_media":0,"parent":2605,"menu_order":0,"comment_status":"closed","ping_status":"closed","template":"","meta":{"footnotes":""},"class_list":["post-2686","page","type-page","status-publish","hentry"],"_links":{"self":[{"href":"http:\/\/praxis-crivellaro.de\/wordpress\/wp-json\/wp\/v2\/pages\/2686","targetHints":{"allow":["GET"]}}],"collection":[{"href":"http:\/\/praxis-crivellaro.de\/wordpress\/wp-json\/wp\/v2\/pages"}],"about":[{"href":"http:\/\/praxis-crivellaro.de\/wordpress\/wp-json\/wp\/v2\/types\/page"}],"author":[{"embeddable":true,"href":"http:\/\/praxis-crivellaro.de\/wordpress\/wp-json\/wp\/v2\/users\/1"}],"replies":[{"embeddable":true,"href":"http:\/\/praxis-crivellaro.de\/wordpress\/wp-json\/wp\/v2\/comments?post=2686"}],"version-history":[{"count":7,"href":"http:\/\/praxis-crivellaro.de\/wordpress\/wp-json\/wp\/v2\/pages\/2686\/revisions"}],"predecessor-version":[{"id":3034,"href":"http:\/\/praxis-crivellaro.de\/wordpress\/wp-json\/wp\/v2\/pages\/2686\/revisions\/3034"}],"up":[{"embeddable":true,"href":"http:\/\/praxis-crivellaro.de\/wordpress\/wp-json\/wp\/v2\/pages\/2605"}],"wp:attachment":[{"href":"http:\/\/praxis-crivellaro.de\/wordpress\/wp-json\/wp\/v2\/media?parent=2686"}],"curies":[{"name":"wp","href":"https:\/\/api.w.org\/{rel}","templated":true}]}}