{"id":2683,"date":"2015-12-22T12:14:58","date_gmt":"2015-12-22T10:14:58","guid":{"rendered":"http:\/\/mrnelson-ecowear.com\/wordpress-sp\/?page_id=2683"},"modified":"2018-05-06T19:04:12","modified_gmt":"2018-05-06T17:04:12","slug":"schwangerschaft-wahlleistungen","status":"publish","type":"page","link":"http:\/\/praxis-crivellaro.de\/wordpress\/leistungen\/schwangerschaft-wahlleistungen\/","title":{"rendered":"Schwangerschaft-Wahlleistungen"},"content":{"rendered":"<h3><strong>Individuelle Wahlleistungen in der Schwangerschaft<\/strong><\/h3>\n<ul>\n<li>Zus\u00e4tzliche Ultraschall-Untersuchungen<\/li>\n<\/ul>\n<p>Um sich vom Wohlergehen und Wachstum des Kindes zu \u00fcberzeugen<\/p>\n<p>&nbsp;<\/p>\n<ul>\n<li>Zytomegalie-Test<\/li>\n<\/ul>\n<p>Zytomegalie ist die h\u00e4ufigste Infektion in der Schwangerschaft, bei der es zu neurologischen Sp\u00e4tfolgen kommen kann.<\/p>\n<p>&nbsp;<\/p>\n<ul>\n<li>Toxoplasmose-Test<\/li>\n<\/ul>\n<p>Zur Kl\u00e4rung der Immunit\u00e4t gegen Toxoplasmose \u2013 einer Infektion, die in der Schwangerschaft schwere Behinderungen beim Kind (Gehirnsch\u00e4den, Augensch\u00e4den) ausl\u00f6sen kann.<\/p>\n<p>&nbsp;<\/p>\n<ul>\n<li>Ringelr\u00f6teln-Test<\/li>\n<\/ul>\n<p>Die Infektion mit dem Parvovirus B 19 kann beim ungeborenen Kind zu einer schweren An\u00e4mie (Blutarmut) bis zur Fehlgeburt des Kindes f\u00fchren.<\/p>\n<p>&nbsp;<\/p>\n<ul>\n<li>Nicht invasive Pr\u00e4nataldiagnostik (NIPT)<\/li>\n<\/ul>\n<p>Durch eine Untersuchung aus dem m\u00fctterlichen Blut kann auf eine m\u00f6gliche Chromosomenst\u00f6rung (Trisomie oder Fehlverteilung von Geschlechtschromosomen) des Ungeborenen gescreent werden. Ein auff\u00e4lliger Befund sollte mittels Chorionzottenbiopsie oder Fruchtwasserpunktion abgekl\u00e4rt werden.<\/p>\n<p>&nbsp;<\/p>\n<ul>\n<li>Vaginalabstrich-Untersuchung auf Streptokokken-B-Infektion<\/li>\n<\/ul>\n<p>Sinnvoll zwischen der 35. Und 38. SSW. Bei einem positiven Befund kann eine rechtzeitige Antibiotikatherapie angewendet werden, damit das Baby sich bei der Geburt nicht ansteckt und es m\u00f6glicherweise zu Langzeitsch\u00e4den (Lungenentz\u00fcndung, Hirnhautentz\u00fcndung, Nervensch\u00e4den, Blutvergiftung) kommt.<\/p>\n","protected":false},"excerpt":{"rendered":"<p>Individuelle Wahlleistungen in der Schwangerschaft Zus\u00e4tzliche Ultraschall-Untersuchungen Um sich vom Wohlergehen und Wachstum des Kindes zu \u00fcberzeugen &nbsp; Zytomegalie-Test Zytomegalie ist die h\u00e4ufigste Infektion in der Schwangerschaft, bei der es zu neurologischen Sp\u00e4tfolgen kommen kann. &nbsp; Toxoplasmose-Test Zur Kl\u00e4rung der Immunit\u00e4t gegen Toxoplasmose \u2013 einer Infektion, die in der Schwangerschaft schwere Behinderungen beim Kind (Gehirnsch\u00e4den,&hellip;<\/p>\n","protected":false},"author":1,"featured_media":0,"parent":2605,"menu_order":0,"comment_status":"closed","ping_status":"closed","template":"","meta":{"footnotes":""},"class_list":["post-2683","page","type-page","status-publish","hentry"],"_links":{"self":[{"href":"http:\/\/praxis-crivellaro.de\/wordpress\/wp-json\/wp\/v2\/pages\/2683","targetHints":{"allow":["GET"]}}],"collection":[{"href":"http:\/\/praxis-crivellaro.de\/wordpress\/wp-json\/wp\/v2\/pages"}],"about":[{"href":"http:\/\/praxis-crivellaro.de\/wordpress\/wp-json\/wp\/v2\/types\/page"}],"author":[{"embeddable":true,"href":"http:\/\/praxis-crivellaro.de\/wordpress\/wp-json\/wp\/v2\/users\/1"}],"replies":[{"embeddable":true,"href":"http:\/\/praxis-crivellaro.de\/wordpress\/wp-json\/wp\/v2\/comments?post=2683"}],"version-history":[{"count":2,"href":"http:\/\/praxis-crivellaro.de\/wordpress\/wp-json\/wp\/v2\/pages\/2683\/revisions"}],"predecessor-version":[{"id":2800,"href":"http:\/\/praxis-crivellaro.de\/wordpress\/wp-json\/wp\/v2\/pages\/2683\/revisions\/2800"}],"up":[{"embeddable":true,"href":"http:\/\/praxis-crivellaro.de\/wordpress\/wp-json\/wp\/v2\/pages\/2605"}],"wp:attachment":[{"href":"http:\/\/praxis-crivellaro.de\/wordpress\/wp-json\/wp\/v2\/media?parent=2683"}],"curies":[{"name":"wp","href":"https:\/\/api.w.org\/{rel}","templated":true}]}}