{"id":2678,"date":"2015-12-22T12:12:16","date_gmt":"2015-12-22T10:12:16","guid":{"rendered":"http:\/\/mrnelson-ecowear.com\/wordpress-sp\/?page_id=2678"},"modified":"2025-05-25T07:23:37","modified_gmt":"2025-05-25T05:23:37","slug":"beratung-bei-kinderwunsch","status":"publish","type":"page","link":"http:\/\/praxis-crivellaro.de\/wordpress\/leistungen\/beratung-bei-kinderwunsch\/","title":{"rendered":"Beratung bei Kinderwunsch"},"content":{"rendered":"\n<p class=\"has-medium-font-size\">Die Ursachen f\u00fcr ungewollte Kinderlosigkeit sind sehr vielf\u00e4ltig. Selten liegen ernsthafte Erkrankungen wie Diabetes mellitus, andere Stoffwechselerkrankungen oder Fehlbildungen vor. Nat\u00fcrlich haben auch die pers\u00f6nlichen Lebensumst\u00e4nde wie Stress, Rauchen und \u00dcbergewicht Einfluss auf die Chancen schwanger zu werden. <\/p>\n\n\n\n<p class=\"has-medium-font-size\">Weitere Ursachen k\u00f6nnen sowohl gutartige Erkrankungen der Frau (Endometriose, PCO, Myome, Verwachsungen nach Entz\u00fcndungen im kleinen Becken)\u00a0als auch St\u00f6rungen beim Mann sein. Wir unterst\u00fctzen Sie durch Beratung, Zyklusmonitoring, Bestimmung von Hormonwerten und ggf. Weitervermittlung an Kinderwunschzentren. Das parallele Vorstellen des Partners beim Urologen wird empfohlen.<\/p>\n\n\n\n<p><\/p>\n","protected":false},"excerpt":{"rendered":"<p>Die Ursachen f\u00fcr ungewollte Kinderlosigkeit sind sehr vielf\u00e4ltig. Selten liegen ernsthafte Erkrankungen wie Diabetes mellitus, andere Stoffwechselerkrankungen oder Fehlbildungen vor. Nat\u00fcrlich haben auch die pers\u00f6nlichen Lebensumst\u00e4nde wie Stress, Rauchen und \u00dcbergewicht Einfluss auf die Chancen schwanger zu werden. Weitere Ursachen k\u00f6nnen sowohl gutartige Erkrankungen der Frau (Endometriose, PCO, Myome, Verwachsungen nach Entz\u00fcndungen im kleinen Becken)\u00a0als&hellip;<\/p>\n","protected":false},"author":1,"featured_media":0,"parent":2605,"menu_order":0,"comment_status":"closed","ping_status":"closed","template":"","meta":{"footnotes":""},"class_list":["post-2678","page","type-page","status-publish","hentry"],"_links":{"self":[{"href":"http:\/\/praxis-crivellaro.de\/wordpress\/wp-json\/wp\/v2\/pages\/2678","targetHints":{"allow":["GET"]}}],"collection":[{"href":"http:\/\/praxis-crivellaro.de\/wordpress\/wp-json\/wp\/v2\/pages"}],"about":[{"href":"http:\/\/praxis-crivellaro.de\/wordpress\/wp-json\/wp\/v2\/types\/page"}],"author":[{"embeddable":true,"href":"http:\/\/praxis-crivellaro.de\/wordpress\/wp-json\/wp\/v2\/users\/1"}],"replies":[{"embeddable":true,"href":"http:\/\/praxis-crivellaro.de\/wordpress\/wp-json\/wp\/v2\/comments?post=2678"}],"version-history":[{"count":3,"href":"http:\/\/praxis-crivellaro.de\/wordpress\/wp-json\/wp\/v2\/pages\/2678\/revisions"}],"predecessor-version":[{"id":3027,"href":"http:\/\/praxis-crivellaro.de\/wordpress\/wp-json\/wp\/v2\/pages\/2678\/revisions\/3027"}],"up":[{"embeddable":true,"href":"http:\/\/praxis-crivellaro.de\/wordpress\/wp-json\/wp\/v2\/pages\/2605"}],"wp:attachment":[{"href":"http:\/\/praxis-crivellaro.de\/wordpress\/wp-json\/wp\/v2\/media?parent=2678"}],"curies":[{"name":"wp","href":"https:\/\/api.w.org\/{rel}","templated":true}]}}