{"id":2639,"date":"2015-11-20T21:51:33","date_gmt":"2015-11-20T19:51:33","guid":{"rendered":"http:\/\/mrnelson-ecowear.com\/wordpress-sp\/?page_id=2639"},"modified":"2025-05-25T08:01:25","modified_gmt":"2025-05-25T06:01:25","slug":"antje-crivellaro","status":"publish","type":"page","link":"http:\/\/praxis-crivellaro.de\/wordpress\/unsere-praxis\/antje-crivellaro\/","title":{"rendered":"Antje Crivellaro"},"content":{"rendered":"\n<h3 class=\"wp-block-heading\"><figure><img loading=\"lazy\" decoding=\"async\" class=\"alignnone size-full wp-image-2757\" src=\"http:\/\/praxis-crivellaro.de\/wordpress\/wp-content\/uploads\/2015\/11\/DSC01823-antje-crivellaro-web.jpg\" alt=\"DSC01823-antje-crivellaro-web\" width=\"900\" height=\"600\" srcset=\"http:\/\/praxis-crivellaro.de\/wordpress\/wp-content\/uploads\/2015\/11\/DSC01823-antje-crivellaro-web.jpg 900w, http:\/\/praxis-crivellaro.de\/wordpress\/wp-content\/uploads\/2015\/11\/DSC01823-antje-crivellaro-web-300x200.jpg 300w, http:\/\/praxis-crivellaro.de\/wordpress\/wp-content\/uploads\/2015\/11\/DSC01823-antje-crivellaro-web-768x512.jpg 768w, http:\/\/praxis-crivellaro.de\/wordpress\/wp-content\/uploads\/2015\/11\/DSC01823-antje-crivellaro-web-295x197.jpg 295w, http:\/\/praxis-crivellaro.de\/wordpress\/wp-content\/uploads\/2015\/11\/DSC01823-antje-crivellaro-web-379x254.jpg 379w\" sizes=\"auto, (max-width: 900px) 100vw, 900px\" \/><\/figure><\/h3>\n\n\n\n<p>&nbsp;<\/p>\n\n\n\n<h3 class=\"wp-block-heading\">Antje Crivellaro<\/h3>\n\n\n\n<ul class=\"wp-block-list\">\n<li class=\"has-medium-font-size\">Jahrgang 1977<\/li>\n\n\n\n<li class=\"has-medium-font-size\">Studium der Humanmedizin an der Medizinischen Fakult\u00e4t der Universit\u00e4t in Rostock und an der Medizinischen Fakult\u00e4t Carl Gustav Carus der Technischen Universit\u00e4t in Dresden<\/li>\n\n\n\n<li class=\"has-medium-font-size\">\u00c4rztliche T\u00e4tigkeiten in der Frauenklinik an der DRK Klinik Berlin K\u00f6penick, Frauenklinik am Humboldtklinikum der Vivantes Kliniken Berlin,\u00a0 Deutsches Beckenbodenzentrum am St. Hedwig Krankenhaus Berlin<\/li>\n\n\n\n<li class=\"has-medium-font-size\">In Lebensgemeinschaft, 2 Kinder<\/li>\n<\/ul>\n\n\n\n<p>&nbsp;<\/p>\n\n\n\n<h3 class=\"wp-block-heading\">Qualifikationen<\/h3>\n\n\n\n<ul class=\"wp-block-list\">\n<li class=\"has-medium-font-size\">Zertifiziert nach Qualifikationsstufe II der Arbeitsgemeinschaft f\u00fcr Urogyn\u00e4kologie und Plastische Beckenbodenchirurgie<\/li>\n\n\n\n<li class=\"has-medium-font-size\">Personengebundene Zertifizierte Beratungsstelle der Deutschen Kontinenz Gesellschaft<\/li>\n\n\n\n<li class=\"has-medium-font-size\">Kolposkopiediplom<\/li>\n<\/ul>\n\n\n\n<p>&nbsp;<\/p>\n\n\n\n<h3 class=\"wp-block-heading\">Mitgliedschaften<\/h3>\n\n\n\n<ul class=\"wp-block-list\">\n<li class=\"has-medium-font-size\">Landes\u00e4rztekammer Brandenburg<\/li>\n\n\n\n<li class=\"has-medium-font-size\">Kassen\u00e4rztliche Vereinigung Brandenburg<\/li>\n\n\n\n<li class=\"has-medium-font-size\">Berufsverband der Frauen\u00e4rzte<\/li>\n\n\n\n<li class=\"has-medium-font-size\">Arbeitsgemeinschaft f\u00fcr Urogyn\u00e4kologie und Plastische Beckenbodenchirurgie<\/li>\n\n\n\n<li class=\"has-medium-font-size\">Deutsche Kontinenz Gesellschaft e.V.<\/li>\n\n\n\n<li class=\"has-medium-font-size\">Arbeitsgemeinschaft f\u00fcr Zervixpathologie und Kolposkopie<\/li>\n\n\n\n<li class=\"has-medium-font-size\">Deutsche Gesellschaft f\u00fcr Ultraschall in der Medizin e.V.<\/li>\n\n\n\n<li class=\"has-medium-font-size\">Gesellschaft f\u00fcr Gyn\u00e4kologie und Geburtshilfe in Berlin<\/li>\n\n\n\n<li class=\"has-medium-font-size\">Deutsche Menopausegesellschaft e.V.<\/li>\n\n\n\n<li class=\"has-medium-font-size\">Deutsche Gesellschaft f\u00fcr Akupunktur und Neuraltherapie e.V.<\/li>\n<\/ul>\n","protected":false},"excerpt":{"rendered":"<p>&nbsp; Antje Crivellaro &nbsp; Qualifikationen &nbsp; Mitgliedschaften<\/p>\n","protected":false},"author":1,"featured_media":0,"parent":2610,"menu_order":0,"comment_status":"closed","ping_status":"closed","template":"","meta":{"footnotes":""},"class_list":["post-2639","page","type-page","status-publish","hentry"],"_links":{"self":[{"href":"http:\/\/praxis-crivellaro.de\/wordpress\/wp-json\/wp\/v2\/pages\/2639","targetHints":{"allow":["GET"]}}],"collection":[{"href":"http:\/\/praxis-crivellaro.de\/wordpress\/wp-json\/wp\/v2\/pages"}],"about":[{"href":"http:\/\/praxis-crivellaro.de\/wordpress\/wp-json\/wp\/v2\/types\/page"}],"author":[{"embeddable":true,"href":"http:\/\/praxis-crivellaro.de\/wordpress\/wp-json\/wp\/v2\/users\/1"}],"replies":[{"embeddable":true,"href":"http:\/\/praxis-crivellaro.de\/wordpress\/wp-json\/wp\/v2\/comments?post=2639"}],"version-history":[{"count":4,"href":"http:\/\/praxis-crivellaro.de\/wordpress\/wp-json\/wp\/v2\/pages\/2639\/revisions"}],"predecessor-version":[{"id":3042,"href":"http:\/\/praxis-crivellaro.de\/wordpress\/wp-json\/wp\/v2\/pages\/2639\/revisions\/3042"}],"up":[{"embeddable":true,"href":"http:\/\/praxis-crivellaro.de\/wordpress\/wp-json\/wp\/v2\/pages\/2610"}],"wp:attachment":[{"href":"http:\/\/praxis-crivellaro.de\/wordpress\/wp-json\/wp\/v2\/media?parent=2639"}],"curies":[{"name":"wp","href":"https:\/\/api.w.org\/{rel}","templated":true}]}}