{"id":2632,"date":"2015-11-20T21:41:56","date_gmt":"2015-11-20T19:41:56","guid":{"rendered":"http:\/\/mrnelson-ecowear.com\/wordpress-sp\/?page_id=2632"},"modified":"2025-05-25T08:12:49","modified_gmt":"2025-05-25T06:12:49","slug":"links","status":"publish","type":"page","link":"http:\/\/praxis-crivellaro.de\/wordpress\/links\/","title":{"rendered":"Links"},"content":{"rendered":"\n<p><a href=\"https:\/\/www.laekb.de\/\" target=\"_blank\" rel=\"noopener\">\u00c4rztekammer Brandenburg<\/a><\/p>\n\n\n\n<p><a href=\"http:\/\/www.kvbb.de\/\" target=\"_blank\" rel=\"noopener\">Kassen\u00e4rztliche Vereinigung Brandenburg<\/a><\/p>\n\n\n\n<p><a href=\"http:\/\/www.bvf.de\/\" target=\"_blank\" rel=\"noopener\">Berufsverband der Frauen\u00e4rzte<\/a><\/p>\n\n\n\n<p><a href=\"http:\/\/www.agub.de\/\" target=\"_blank\" rel=\"noopener\">AGUB e. V. &#8211; Arbeitsgemeinschaft f\u00fcr Urogyn\u00e4kologie und plastische Beckenbodenrekonstruktion<\/a><\/p>\n\n\n\n<p><a href=\"http:\/\/www.kontinenz-gesellschaft.de\/Startseite.2.0.html\" target=\"_blank\" rel=\"noopener\">Deutsche Kontinenzgesellschaft<\/a><\/p>\n\n\n\n<p><a href=\"http:\/\/www.ag-cpc.de\/\" target=\"_blank\" rel=\"noopener\">AG f\u00fcr Zervixpathologie und Kolposkopie<\/a><\/p>\n\n\n\n<p><a href=\"http:\/\/www.degum.de\/index.html\" target=\"_blank\" rel=\"noopener\">Deutsche Gesellschaft f\u00fcr Ultraschall in der Medizin (DEGUM)<\/a><\/p>\n\n\n\n<p><a href=\"http:\/\/www.ggg-b.de\/index.php?lang=de&amp;site=aktuell\" target=\"_blank\" rel=\"noopener\">GGGB &#8211; Gesellschaft f\u00fcr Geburtshilfe und Gyn\u00e4kologie in Berlin<\/a><\/p>\n\n\n\n<p><a href=\"http:\/\/www.frauenaerzte-im-netz.de\/de_index_1.html\" target=\"_blank\" rel=\"noopener\">Frauen\u00e4rzte im Netz<\/a><\/p>\n\n\n\n<p><a href=\"https:\/\/www.baby-care.de\/index.html\" target=\"_blank\" rel=\"noopener\">Babycare<\/a><\/p>\n\n\n\n<p>&nbsp;<\/p>\n\n\n\n<h3 class=\"wp-block-heading\">Haftungsausschluss<\/h3>\n\n\n\n<p class=\"has-medium-font-size\"><span style=\"font-size: small;\"><strong>Verweise und Links<\/strong><\/span><br>Bei direkten oder indirekten Verweisen auf fremde Webseiten (&#8222;Hyperlinks&#8220;), die au\u00dferhalb des Verantwortungsbereiches des Autors liegen, w\u00fcrde eine Haftungsverpflichtung ausschlie\u00dflich in dem Fall in Kraft treten, in dem der Autor von den Inhalten Kenntnis hat und es ihm technisch m\u00f6glich und zumutbar w\u00e4re, die Nutzung im Falle rechtswidriger Inhalte zu verhindern.<br>Der Autor erkl\u00e4rt hiermit ausdr\u00fccklich, dass zum Zeitpunkt der Linksetzung keine illegalen Inhalte auf den zu verlinkenden Seiten erkennbar waren. Auf die aktuelle und zuk\u00fcnftige Gestaltung, die Inhalte oder die Urheberschaft der verlinkten\/verkn\u00fcpften Seiten hat der Autor keinerlei Einfluss. Deshalb distanziert er sich hiermit ausdr\u00fccklich von allen Inhalten aller verlinkten \/verkn\u00fcpften Seiten, die nach der Linksetzung ver\u00e4ndert wurden. Diese Feststellung gilt f\u00fcr alle innerhalb des eigenen Internetangebotes gesetzten Links und Verweise sowie f\u00fcr Fremdeintr\u00e4ge in vom Autor eingerichteten G\u00e4steb\u00fcchern, Diskussionsforen, Linkverzeichnissen, Mailinglisten und in allen anderen Formen von Datenbanken, auf deren Inhalt externe Schreibzugriffe m\u00f6glich sind. F\u00fcr illegale, fehlerhafte oder unvollst\u00e4ndige Inhalte und insbesondere f\u00fcr Sch\u00e4den, die aus der Nutzung oder Nichtnutzung solcherart dargebotener Informationen entstehen, haftet allein der Anbieter der Seite, auf welche verwiesen wurde, nicht derjenige, der \u00fcber Links auf die jeweilige Ver\u00f6ffentlichung lediglich verweist.<\/p>\n\n\n\n<p>&nbsp;<\/p>\n\n\n\n<p><\/p>\n","protected":false},"excerpt":{"rendered":"<p>\u00c4rztekammer Brandenburg Kassen\u00e4rztliche Vereinigung Brandenburg Berufsverband der Frauen\u00e4rzte AGUB e. V. &#8211; Arbeitsgemeinschaft f\u00fcr Urogyn\u00e4kologie und plastische Beckenbodenrekonstruktion Deutsche Kontinenzgesellschaft AG f\u00fcr Zervixpathologie und Kolposkopie Deutsche Gesellschaft f\u00fcr Ultraschall in der Medizin (DEGUM) GGGB &#8211; Gesellschaft f\u00fcr Geburtshilfe und Gyn\u00e4kologie in Berlin Frauen\u00e4rzte im Netz Babycare &nbsp; Haftungsausschluss Verweise und LinksBei direkten oder indirekten Verweisen&hellip;<\/p>\n","protected":false},"author":1,"featured_media":0,"parent":0,"menu_order":0,"comment_status":"closed","ping_status":"closed","template":"","meta":{"footnotes":""},"class_list":["post-2632","page","type-page","status-publish","hentry"],"_links":{"self":[{"href":"http:\/\/praxis-crivellaro.de\/wordpress\/wp-json\/wp\/v2\/pages\/2632","targetHints":{"allow":["GET"]}}],"collection":[{"href":"http:\/\/praxis-crivellaro.de\/wordpress\/wp-json\/wp\/v2\/pages"}],"about":[{"href":"http:\/\/praxis-crivellaro.de\/wordpress\/wp-json\/wp\/v2\/types\/page"}],"author":[{"embeddable":true,"href":"http:\/\/praxis-crivellaro.de\/wordpress\/wp-json\/wp\/v2\/users\/1"}],"replies":[{"embeddable":true,"href":"http:\/\/praxis-crivellaro.de\/wordpress\/wp-json\/wp\/v2\/comments?post=2632"}],"version-history":[{"count":1,"href":"http:\/\/praxis-crivellaro.de\/wordpress\/wp-json\/wp\/v2\/pages\/2632\/revisions"}],"predecessor-version":[{"id":3050,"href":"http:\/\/praxis-crivellaro.de\/wordpress\/wp-json\/wp\/v2\/pages\/2632\/revisions\/3050"}],"wp:attachment":[{"href":"http:\/\/praxis-crivellaro.de\/wordpress\/wp-json\/wp\/v2\/media?parent=2632"}],"curies":[{"name":"wp","href":"https:\/\/api.w.org\/{rel}","templated":true}]}}