{"id":2605,"date":"2015-11-20T21:22:09","date_gmt":"2015-11-20T19:22:09","guid":{"rendered":"http:\/\/mrnelson-ecowear.com\/wordpress-sp\/?page_id=2605"},"modified":"2015-11-20T21:22:09","modified_gmt":"2015-11-20T19:22:09","slug":"leistungen","status":"publish","type":"page","link":"http:\/\/praxis-crivellaro.de\/wordpress\/leistungen\/","title":{"rendered":"Unsere Leistungen"},"content":{"rendered":"<p><strong>Leistungen<\/strong><\/p>\n<p><a href=\"http:\/\/mrnelson-ecowear.com\/wordpress-sp\/leistungen\/maedchensprechstunde\/\">M\u00e4dchensprechstunde<\/a><\/p>\n<p><a href=\"http:\/\/mrnelson-ecowear.com\/wordpress-sp\/leistungen\/empfaengnisregelung\/\">Empf\u00e4ngnisregelung<\/a><\/p>\n<p><a href=\"http:\/\/mrnelson-ecowear.com\/wordpress-sp\/leistungen\/schwangerenvorsorge\/\">Schwangerenvorsorge<\/a><\/p>\n<p><a href=\"http:\/\/mrnelson-ecowear.com\/wordpress-sp\/leistungen\/krebsvorsorge\/\">Krebsvorsorge<\/a><\/p>\n<p><a href=\"http:\/\/mrnelson-ecowear.com\/wordpress-sp\/leistungen\/tumornachsorge\/\">Tumornachsorge<\/a><\/p>\n<p>Impfberatung<\/p>\n<p><a href=\"http:\/\/mrnelson-ecowear.com\/wordpress-sp\/leistungen\/urogynaekologie\/\">Urogyn\u00e4kologische Beratung<\/a><\/p>\n<p>&nbsp;<\/p>\n<p><a href=\"http:\/\/mrnelson-ecowear.com\/wordpress-sp\/leistungen\/igel-individuelle-wahlleistungen\/\">IGeL<\/a><\/p>\n","protected":false},"excerpt":{"rendered":"<p>Leistungen M\u00e4dchensprechstunde Empf\u00e4ngnisregelung Schwangerenvorsorge Krebsvorsorge Tumornachsorge Impfberatung Urogyn\u00e4kologische Beratung &nbsp; IGeL<\/p>\n","protected":false},"author":1,"featured_media":0,"parent":0,"menu_order":0,"comment_status":"closed","ping_status":"closed","template":"","meta":{"footnotes":""},"class_list":["post-2605","page","type-page","status-publish","hentry"],"_links":{"self":[{"href":"http:\/\/praxis-crivellaro.de\/wordpress\/wp-json\/wp\/v2\/pages\/2605","targetHints":{"allow":["GET"]}}],"collection":[{"href":"http:\/\/praxis-crivellaro.de\/wordpress\/wp-json\/wp\/v2\/pages"}],"about":[{"href":"http:\/\/praxis-crivellaro.de\/wordpress\/wp-json\/wp\/v2\/types\/page"}],"author":[{"embeddable":true,"href":"http:\/\/praxis-crivellaro.de\/wordpress\/wp-json\/wp\/v2\/users\/1"}],"replies":[{"embeddable":true,"href":"http:\/\/praxis-crivellaro.de\/wordpress\/wp-json\/wp\/v2\/comments?post=2605"}],"version-history":[{"count":0,"href":"http:\/\/praxis-crivellaro.de\/wordpress\/wp-json\/wp\/v2\/pages\/2605\/revisions"}],"wp:attachment":[{"href":"http:\/\/praxis-crivellaro.de\/wordpress\/wp-json\/wp\/v2\/media?parent=2605"}],"curies":[{"name":"wp","href":"https:\/\/api.w.org\/{rel}","templated":true}]}}